{"id":771,"date":"2025-07-31T15:37:51","date_gmt":"2025-07-31T15:37:51","guid":{"rendered":"https:\/\/www.solidhomesteadplans.com\/?page_id=771"},"modified":"2025-08-26T12:17:48","modified_gmt":"2025-08-26T12:17:48","slug":"mentions-legales","status":"publish","type":"page","link":"https:\/\/www.solidhomesteadplans.com\/fr\/mentions-legales\/","title":{"rendered":"Mentions L\u00e9gales"},"content":{"rendered":"<h5 class=\"wp-block-heading\">\u00c9diteur du Site<\/h5>\n\n\n\n<p>Solid Homestead Plans est le nom commercial de l'entreprise individuelle de Markus BEER.<\/p>\n\n\n\n<ul class=\"wp-block-list\">\n<li><strong>Propri\u00e9taire : <\/strong>Markus BEER<\/li>\n\n\n\n<li><strong>SIREN :<\/strong> 990 268 765<\/li>\n\n\n\n<li><strong>Si\u00e8ge Social :<\/strong><br>c\/o Le Hub Toulouse RBMG<br>13, Port Saint-\u00c9tienne<br>31000 Toulouse<\/li>\n\n\n\n<li><strong>Contact :<\/strong><br>contact@solidhomesteadplans.com<br>+33 (0)7 43 59 74 40<\/li>\n<\/ul>\n\n\n\n<h5 class=\"wp-block-heading\"><strong>Directeur de la publication<\/strong><\/h5>\n\n\n\n<p>Markus BEER<\/p>\n\n\n\n<h5 class=\"wp-block-heading\">H\u00e9bergeur du Site<\/h5>\n\n\n\n<p>o2switch<br>Chem. des Pardiaux<br>63000 Clermont-Ferrand<br>+33 (0)4 44 44 60 40<\/p>\n\n\n\n<h5 class=\"wp-block-heading\">Propri\u00e9t\u00e9 Intellectuelle<\/h5>\n\n\n\n<p>L'ensemble du contenu du site solidhomesteadplans.com, y compris les textes, photos, logos et les plans eux-m\u00eames, a \u00e9t\u00e9 cr\u00e9\u00e9 par Solid Homestead Plans et nous en sommes propri\u00e9taires.<\/p>\n\n\n\n<p>Nous consacrons beaucoup de travail \u00e0 ces conceptions et vous demandons de respecter cet effort. Votre achat d'un plan vous accorde une licence pour construire un (1) projet pour votre usage personnel uniquement. Merci de ne pas partager, revendre ou distribuer les plans de quelque mani\u00e8re que ce soit.<\/p>","protected":false},"excerpt":{"rendered":"<p>Site Publisher Solid Homestead Plans is the commercial name for the sole proprietorship of Markus BEER. Publication Director Markus BEER Hosting Provider o2switchChem. des Pardiaux63000 Clermont-Ferrand+33 (0)4 44 44 60 40 Intellectual Property All content on solidhomesteadplans.com, including our text, photos, logos, and the plans themselves, was created by and belongs to us here at [&hellip;]<\/p>\n","protected":false},"author":1,"featured_media":0,"parent":0,"menu_order":0,"comment_status":"closed","ping_status":"closed","template":"","meta":{"footnotes":""},"class_list":["post-771","page","type-page","status-publish","hentry"],"yoast_head":"<!-- This site is optimized with the Yoast SEO plugin v26.0 - https:\/\/yoast.com\/wordpress\/plugins\/seo\/ -->\n<title>Legal Notices - SOLID HOMESTEAD PLANS<\/title>\n<meta name=\"description\" content=\"Build beautiful, durable homestead projects with confidence. Solid Homestead Plans offers engineer-designed, homestead-proven DIY woodworking plans for sheds, coops, and more.\" \/>\n<meta name=\"robots\" content=\"index, follow, max-snippet:-1, max-image-preview:large, max-video-preview:-1\" \/>\n<link rel=\"canonical\" href=\"https:\/\/www.solidhomesteadplans.com\/fr\/mentions-legales\/\" \/>\n<meta property=\"og:locale\" content=\"fr_FR\" \/>\n<meta property=\"og:type\" content=\"article\" \/>\n<meta property=\"og:title\" content=\"Legal Notices - SOLID HOMESTEAD PLANS\" \/>\n<meta property=\"og:description\" content=\"Build beautiful, durable homestead projects with confidence. Solid Homestead Plans offers engineer-designed, homestead-proven DIY woodworking plans for sheds, coops, and more.\" \/>\n<meta property=\"og:url\" content=\"https:\/\/www.solidhomesteadplans.com\/fr\/mentions-legales\/\" \/>\n<meta property=\"og:site_name\" content=\"SOLID HOMESTEAD PLANS\" \/>\n<meta property=\"article:modified_time\" content=\"2025-08-26T12:17:48+00:00\" \/>\n<meta name=\"twitter:card\" content=\"summary_large_image\" \/>\n<meta name=\"twitter:label1\" content=\"Dur\u00e9e de lecture estim\u00e9e\" \/>\n\t<meta name=\"twitter:data1\" content=\"1 minute\" \/>\n<script type=\"application\/ld+json\" class=\"yoast-schema-graph\">{\"@context\":\"https:\/\/schema.org\",\"@graph\":[{\"@type\":\"WebPage\",\"@id\":\"https:\/\/www.solidhomesteadplans.com\/mentions-legales\/\",\"url\":\"https:\/\/www.solidhomesteadplans.com\/mentions-legales\/\",\"name\":\"Legal Notices - SOLID HOMESTEAD PLANS\",\"isPartOf\":{\"@id\":\"https:\/\/www.solidhomesteadplans.com\/#website\"},\"datePublished\":\"2025-07-31T15:37:51+00:00\",\"dateModified\":\"2025-08-26T12:17:48+00:00\",\"description\":\"Build beautiful, durable homestead projects with confidence. Solid Homestead Plans offers engineer-designed, homestead-proven DIY woodworking plans for sheds, coops, and more.\",\"breadcrumb\":{\"@id\":\"https:\/\/www.solidhomesteadplans.com\/mentions-legales\/#breadcrumb\"},\"inLanguage\":\"fr-FR\",\"potentialAction\":[{\"@type\":\"ReadAction\",\"target\":[\"https:\/\/www.solidhomesteadplans.com\/mentions-legales\/\"]}]},{\"@type\":\"BreadcrumbList\",\"@id\":\"https:\/\/www.solidhomesteadplans.com\/mentions-legales\/#breadcrumb\",\"itemListElement\":[{\"@type\":\"ListItem\",\"position\":1,\"name\":\"Home\",\"item\":\"https:\/\/www.solidhomesteadplans.com\/\"},{\"@type\":\"ListItem\",\"position\":2,\"name\":\"Legal Notices\"}]},{\"@type\":\"WebSite\",\"@id\":\"https:\/\/www.solidhomesteadplans.com\/#website\",\"url\":\"https:\/\/www.solidhomesteadplans.com\/\",\"name\":\"SOLID HOMESTEAD PLANS\",\"description\":\"SOLID HOMESTEAD PLANS\",\"publisher\":{\"@id\":\"https:\/\/www.solidhomesteadplans.com\/#organization\"},\"potentialAction\":[{\"@type\":\"SearchAction\",\"target\":{\"@type\":\"EntryPoint\",\"urlTemplate\":\"https:\/\/www.solidhomesteadplans.com\/?s={search_term_string}\"},\"query-input\":{\"@type\":\"PropertyValueSpecification\",\"valueRequired\":true,\"valueName\":\"search_term_string\"}}],\"inLanguage\":\"fr-FR\"},{\"@type\":\"Organization\",\"@id\":\"https:\/\/www.solidhomesteadplans.com\/#organization\",\"name\":\"SOLID HOMESTEAD PLANS\",\"url\":\"https:\/\/www.solidhomesteadplans.com\/\",\"logo\":{\"@type\":\"ImageObject\",\"inLanguage\":\"fr-FR\",\"@id\":\"https:\/\/www.solidhomesteadplans.com\/#\/schema\/logo\/image\/\",\"url\":\"https:\/\/www.solidhomesteadplans.com\/wp-content\/uploads\/2025\/07\/Logo-with-Text-F9F9F9-4.png\",\"contentUrl\":\"https:\/\/www.solidhomesteadplans.com\/wp-content\/uploads\/2025\/07\/Logo-with-Text-F9F9F9-4.png\",\"width\":1267,\"height\":1229,\"caption\":\"SOLID HOMESTEAD PLANS\"},\"image\":{\"@id\":\"https:\/\/www.solidhomesteadplans.com\/#\/schema\/logo\/image\/\"},\"sameAs\":[\"https:\/\/www.pinterest.com\/0ie5fdy06yr5wjac5p6w58brz4ip27\/\",\"https:\/\/www.instagram.com\/solidhomesteadplans\/\",\"https:\/\/www.etsy.com\/shop\/SolidHomesteadPlans\"]}]}<\/script>\n<!-- \/ Yoast SEO plugin. -->","yoast_head_json":{"title":"Legal Notices - SOLID HOMESTEAD PLANS","description":"Build beautiful, durable homestead projects with confidence. Solid Homestead Plans offers engineer-designed, homestead-proven DIY woodworking plans for sheds, coops, and more.","robots":{"index":"index","follow":"follow","max-snippet":"max-snippet:-1","max-image-preview":"max-image-preview:large","max-video-preview":"max-video-preview:-1"},"canonical":"https:\/\/www.solidhomesteadplans.com\/fr\/mentions-legales\/","og_locale":"fr_FR","og_type":"article","og_title":"Legal Notices - SOLID HOMESTEAD PLANS","og_description":"Build beautiful, durable homestead projects with confidence. Solid Homestead Plans offers engineer-designed, homestead-proven DIY woodworking plans for sheds, coops, and more.","og_url":"https:\/\/www.solidhomesteadplans.com\/fr\/mentions-legales\/","og_site_name":"SOLID HOMESTEAD PLANS","article_modified_time":"2025-08-26T12:17:48+00:00","twitter_card":"summary_large_image","twitter_misc":{"Dur\u00e9e de lecture estim\u00e9e":"1 minute"},"schema":{"@context":"https:\/\/schema.org","@graph":[{"@type":"WebPage","@id":"https:\/\/www.solidhomesteadplans.com\/mentions-legales\/","url":"https:\/\/www.solidhomesteadplans.com\/mentions-legales\/","name":"Legal Notices - SOLID HOMESTEAD PLANS","isPartOf":{"@id":"https:\/\/www.solidhomesteadplans.com\/#website"},"datePublished":"2025-07-31T15:37:51+00:00","dateModified":"2025-08-26T12:17:48+00:00","description":"Build beautiful, durable homestead projects with confidence. Solid Homestead Plans offers engineer-designed, homestead-proven DIY woodworking plans for sheds, coops, and more.","breadcrumb":{"@id":"https:\/\/www.solidhomesteadplans.com\/mentions-legales\/#breadcrumb"},"inLanguage":"fr-FR","potentialAction":[{"@type":"ReadAction","target":["https:\/\/www.solidhomesteadplans.com\/mentions-legales\/"]}]},{"@type":"BreadcrumbList","@id":"https:\/\/www.solidhomesteadplans.com\/mentions-legales\/#breadcrumb","itemListElement":[{"@type":"ListItem","position":1,"name":"Home","item":"https:\/\/www.solidhomesteadplans.com\/"},{"@type":"ListItem","position":2,"name":"Legal Notices"}]},{"@type":"WebSite","@id":"https:\/\/www.solidhomesteadplans.com\/#website","url":"https:\/\/www.solidhomesteadplans.com\/","name":"SOLID HOMESTEAD PLANS","description":"SOLID HOMESTEAD PLANS","publisher":{"@id":"https:\/\/www.solidhomesteadplans.com\/#organization"},"potentialAction":[{"@type":"SearchAction","target":{"@type":"EntryPoint","urlTemplate":"https:\/\/www.solidhomesteadplans.com\/?s={search_term_string}"},"query-input":{"@type":"PropertyValueSpecification","valueRequired":true,"valueName":"search_term_string"}}],"inLanguage":"fr-FR"},{"@type":"Organization","@id":"https:\/\/www.solidhomesteadplans.com\/#organization","name":"SOLID HOMESTEAD PLANS","url":"https:\/\/www.solidhomesteadplans.com\/","logo":{"@type":"ImageObject","inLanguage":"fr-FR","@id":"https:\/\/www.solidhomesteadplans.com\/#\/schema\/logo\/image\/","url":"https:\/\/www.solidhomesteadplans.com\/wp-content\/uploads\/2025\/07\/Logo-with-Text-F9F9F9-4.png","contentUrl":"https:\/\/www.solidhomesteadplans.com\/wp-content\/uploads\/2025\/07\/Logo-with-Text-F9F9F9-4.png","width":1267,"height":1229,"caption":"SOLID HOMESTEAD PLANS"},"image":{"@id":"https:\/\/www.solidhomesteadplans.com\/#\/schema\/logo\/image\/"},"sameAs":["https:\/\/www.pinterest.com\/0ie5fdy06yr5wjac5p6w58brz4ip27\/","https:\/\/www.instagram.com\/solidhomesteadplans\/","https:\/\/www.etsy.com\/shop\/SolidHomesteadPlans"]}]}},"_links":{"self":[{"href":"https:\/\/www.solidhomesteadplans.com\/fr\/wp-json\/wp\/v2\/pages\/771","targetHints":{"allow":["GET"]}}],"collection":[{"href":"https:\/\/www.solidhomesteadplans.com\/fr\/wp-json\/wp\/v2\/pages"}],"about":[{"href":"https:\/\/www.solidhomesteadplans.com\/fr\/wp-json\/wp\/v2\/types\/page"}],"author":[{"embeddable":true,"href":"https:\/\/www.solidhomesteadplans.com\/fr\/wp-json\/wp\/v2\/users\/1"}],"replies":[{"embeddable":true,"href":"https:\/\/www.solidhomesteadplans.com\/fr\/wp-json\/wp\/v2\/comments?post=771"}],"version-history":[{"count":14,"href":"https:\/\/www.solidhomesteadplans.com\/fr\/wp-json\/wp\/v2\/pages\/771\/revisions"}],"predecessor-version":[{"id":1165,"href":"https:\/\/www.solidhomesteadplans.com\/fr\/wp-json\/wp\/v2\/pages\/771\/revisions\/1165"}],"wp:attachment":[{"href":"https:\/\/www.solidhomesteadplans.com\/fr\/wp-json\/wp\/v2\/media?parent=771"}],"curies":[{"name":"wp","href":"https:\/\/api.w.org\/{rel}","templated":true}]}}