{"id":464,"date":"2025-07-31T09:06:26","date_gmt":"2025-07-31T09:06:26","guid":{"rendered":"https:\/\/www.solidhomesteadplans.com\/?page_id=464"},"modified":"2025-07-31T16:34:30","modified_gmt":"2025-07-31T16:34:30","slug":"about","status":"publish","type":"page","link":"https:\/\/www.solidhomesteadplans.com\/fr\/about\/","title":{"rendered":"\u00c0 Propos"},"content":{"rendered":"<div class=\"wp-block-group alignwide is-layout-flow wp-block-group-is-layout-flow\">\n<div class=\"wp-block-media-text alignwide is-stacked-on-mobile is-image-fill-element\" style=\"border-radius:15px;grid-template-columns:40% auto\"><figure class=\"wp-block-media-text__media\"><img loading=\"lazy\" decoding=\"async\" width=\"771\" height=\"1024\" src=\"https:\/\/www.solidhomesteadplans.com\/wp-content\/uploads\/2025\/07\/IMG-20250203-WA0003-1-771x1024.webp\" alt=\"\" class=\"wp-image-519 size-full\" style=\"object-position:36% 50%\" srcset=\"https:\/\/www.solidhomesteadplans.com\/wp-content\/uploads\/2025\/07\/IMG-20250203-WA0003-1-771x1024.webp 771w, https:\/\/www.solidhomesteadplans.com\/wp-content\/uploads\/2025\/07\/IMG-20250203-WA0003-1-226x300.webp 226w, https:\/\/www.solidhomesteadplans.com\/wp-content\/uploads\/2025\/07\/IMG-20250203-WA0003-1-768x1020.webp 768w, https:\/\/www.solidhomesteadplans.com\/wp-content\/uploads\/2025\/07\/IMG-20250203-WA0003-1-1157x1536.webp 1157w, https:\/\/www.solidhomesteadplans.com\/wp-content\/uploads\/2025\/07\/IMG-20250203-WA0003-1-9x12.webp 9w, https:\/\/www.solidhomesteadplans.com\/wp-content\/uploads\/2025\/07\/IMG-20250203-WA0003-1.webp 1446w\" sizes=\"auto, (max-width: 771px) 100vw, 771px\" \/><\/figure><div class=\"wp-block-media-text__content\">\n<p><em>Des plans con\u00e7us par un ing\u00e9nieur pour une propri\u00e9t\u00e9 belle et durable.<\/em><\/p>\n\n\n\n<h1 class=\"wp-block-heading has-large-font-size\"><strong>Bienvenue \u00e0 Solid Homestead Plans<\/strong><\/h1>\n\n\n\n<p class=\"has-text-align-left\">Il y a quelques ann\u00e9es, ma famille et moi nous sommes install\u00e9s dans notre petit coin de la campagne fran\u00e7aise. Nous avons vite compris que construire une vie ici signifiait construire des solutions de nos propres mains. D'un portail s\u00e9curis\u00e9 pour notre propri\u00e9t\u00e9 \u00e0 une maison saine et s\u00fbre pour nos ch\u00e8vres, chaque projet est n\u00e9 d'un besoin r\u00e9el.<\/p>\n\n\n\n<p><strong>Notre Philosophie de Conception<\/strong><\/p>\n\n\n\n<p class=\"has-text-align-left\">En tant qu'ing\u00e9nieur a\u00e9rospatial professionnel avec deux d\u00e9cennies d'exp\u00e9rience, j'apporte une approche rigoureuse \u00e0 chaque projet. Bien que je ne sois pas un architecte r\u00e9sidentiel agr\u00e9\u00e9, chaque plan que je con\u00e7ois est bas\u00e9 sur des principes d'ing\u00e9nierie solides et est d'abord construit et test\u00e9 ici m\u00eame sur notre propre ferme pour garantir sa praticit\u00e9 et sa durabilit\u00e9.<\/p>\n\n\n\n<p><strong>Pourquoi Choisir Nos Plans ?<\/strong><\/p>\n\n\n\n<ul class=\"wp-block-list is-style-default\">\n<li><strong>Conception Professionnelle :<\/strong> Chaque design est bas\u00e9 sur des principes d'ing\u00e9nierie solides pour garantir s\u00e9curit\u00e9 et long\u00e9vit\u00e9.<\/li>\n\n\n\n<li><strong>\u00c9prouv\u00e9 \u00e0 la Ferme :<\/strong> Nous construisons et testons chaque projet ici m\u00eame sur notre terrain pour assurer sa praticit\u00e9.<\/li>\n\n\n\n<li><strong>Construit avec Passion : <\/strong>Nous combinons une passion pour l'autosuffisance avec la pr\u00e9cision de l'ing\u00e9nierie.<\/li>\n<\/ul>\n\n\n\n<p class=\"has-text-align-left\">Nous sommes ravis de partager les plans de certains de nos projets majeurs. Ils sont le r\u00e9sultat de la combinaison d'une passion pour l'autosuffisance et de la pr\u00e9cision de l'ing\u00e9nierie. Nous esp\u00e9rons qu'ils vous donneront les moyens d'am\u00e9liorer votre propre maison avec confiance.<\/p>\n\n\n\n<p><strong>Pr\u00eat \u00e0 d\u00e9marrer votre projet ?<\/strong><\/p>\n\n\n\n<div class=\"wp-block-group has-global-padding is-content-justification-left is-layout-constrained wp-container-core-group-is-layout-12dd3699 wp-block-group-is-layout-constrained\">\n<div class=\"wp-block-buttons is-layout-flex wp-block-buttons-is-layout-flex\">\n<div class=\"wp-block-button\"><a class=\"wp-block-button__link has-contrast-color has-accent-3-background-color has-text-color has-background has-link-color wp-element-button\" href=\"https:\/\/www.solidhomesteadplans.com\/fr\/our-plans\/\"><strong>Parcourez notre collection de plans con\u00e7us par un ing\u00e9nieur.<\/strong><\/a><\/div>\n<\/div>\n<\/div>\n<\/div><\/div>\n<\/div>","protected":false},"excerpt":{"rendered":"<p>Engineer-designed plans for a beautiful and durable homestead. Welcome to Solid Homestead Plans! A few years ago, my family and I settled into our little corner of the French countryside. We quickly realized that building a life here meant building solutions with our own hands. From a secure gate for our property to a healthy, [&hellip;]<\/p>\n","protected":false},"author":1,"featured_media":0,"parent":0,"menu_order":0,"comment_status":"closed","ping_status":"closed","template":"page-no-title","meta":{"footnotes":""},"class_list":["post-464","page","type-page","status-publish","hentry"],"yoast_head":"<!-- This site is optimized with the Yoast SEO plugin v26.0 - https:\/\/yoast.com\/wordpress\/plugins\/seo\/ -->\n<title>About - SOLID HOMESTEAD PLANS<\/title>\n<meta name=\"description\" content=\"Build beautiful, durable homestead projects with confidence. Solid Homestead Plans offers engineer-designed, homestead-proven DIY woodworking plans for sheds, coops, and more.\" \/>\n<meta name=\"robots\" content=\"index, follow, max-snippet:-1, max-image-preview:large, max-video-preview:-1\" \/>\n<link rel=\"canonical\" href=\"https:\/\/www.solidhomesteadplans.com\/fr\/about\/\" \/>\n<meta property=\"og:locale\" content=\"fr_FR\" \/>\n<meta property=\"og:type\" content=\"article\" \/>\n<meta property=\"og:title\" content=\"About - SOLID HOMESTEAD PLANS\" \/>\n<meta property=\"og:description\" content=\"Build beautiful, durable homestead projects with confidence. Solid Homestead Plans offers engineer-designed, homestead-proven DIY woodworking plans for sheds, coops, and more.\" \/>\n<meta property=\"og:url\" content=\"https:\/\/www.solidhomesteadplans.com\/fr\/about\/\" \/>\n<meta property=\"og:site_name\" content=\"SOLID HOMESTEAD PLANS\" \/>\n<meta property=\"article:modified_time\" content=\"2025-07-31T16:34:30+00:00\" \/>\n<meta property=\"og:image\" content=\"https:\/\/www.solidhomesteadplans.com\/wp-content\/uploads\/2025\/07\/IMG-20250203-WA0003-1.webp\" \/>\n\t<meta property=\"og:image:width\" content=\"1446\" \/>\n\t<meta property=\"og:image:height\" content=\"1920\" \/>\n\t<meta property=\"og:image:type\" content=\"image\/jpeg\" \/>\n<meta name=\"twitter:card\" content=\"summary_large_image\" \/>\n<meta name=\"twitter:label1\" content=\"Dur\u00e9e de lecture estim\u00e9e\" \/>\n\t<meta name=\"twitter:data1\" content=\"1 minute\" \/>\n<script type=\"application\/ld+json\" class=\"yoast-schema-graph\">{\"@context\":\"https:\/\/schema.org\",\"@graph\":[{\"@type\":\"WebPage\",\"@id\":\"https:\/\/www.solidhomesteadplans.com\/about\/\",\"url\":\"https:\/\/www.solidhomesteadplans.com\/about\/\",\"name\":\"About - SOLID HOMESTEAD PLANS\",\"isPartOf\":{\"@id\":\"https:\/\/www.solidhomesteadplans.com\/#website\"},\"primaryImageOfPage\":{\"@id\":\"https:\/\/www.solidhomesteadplans.com\/about\/#primaryimage\"},\"image\":{\"@id\":\"https:\/\/www.solidhomesteadplans.com\/about\/#primaryimage\"},\"thumbnailUrl\":\"https:\/\/www.solidhomesteadplans.com\/wp-content\/uploads\/2025\/07\/IMG-20250203-WA0003-1-771x1024.webp\",\"datePublished\":\"2025-07-31T09:06:26+00:00\",\"dateModified\":\"2025-07-31T16:34:30+00:00\",\"description\":\"Build beautiful, durable homestead projects with confidence. Solid Homestead Plans offers engineer-designed, homestead-proven DIY woodworking plans for sheds, coops, and more.\",\"breadcrumb\":{\"@id\":\"https:\/\/www.solidhomesteadplans.com\/about\/#breadcrumb\"},\"inLanguage\":\"fr-FR\",\"potentialAction\":[{\"@type\":\"ReadAction\",\"target\":[\"https:\/\/www.solidhomesteadplans.com\/about\/\"]}]},{\"@type\":\"ImageObject\",\"inLanguage\":\"fr-FR\",\"@id\":\"https:\/\/www.solidhomesteadplans.com\/about\/#primaryimage\",\"url\":\"https:\/\/www.solidhomesteadplans.com\/wp-content\/uploads\/2025\/07\/IMG-20250203-WA0003-1-771x1024.webp\",\"contentUrl\":\"https:\/\/www.solidhomesteadplans.com\/wp-content\/uploads\/2025\/07\/IMG-20250203-WA0003-1-771x1024.webp\"},{\"@type\":\"BreadcrumbList\",\"@id\":\"https:\/\/www.solidhomesteadplans.com\/about\/#breadcrumb\",\"itemListElement\":[{\"@type\":\"ListItem\",\"position\":1,\"name\":\"Home\",\"item\":\"https:\/\/www.solidhomesteadplans.com\/\"},{\"@type\":\"ListItem\",\"position\":2,\"name\":\"About\"}]},{\"@type\":\"WebSite\",\"@id\":\"https:\/\/www.solidhomesteadplans.com\/#website\",\"url\":\"https:\/\/www.solidhomesteadplans.com\/\",\"name\":\"SOLID HOMESTEAD PLANS\",\"description\":\"SOLID HOMESTEAD PLANS\",\"publisher\":{\"@id\":\"https:\/\/www.solidhomesteadplans.com\/#organization\"},\"potentialAction\":[{\"@type\":\"SearchAction\",\"target\":{\"@type\":\"EntryPoint\",\"urlTemplate\":\"https:\/\/www.solidhomesteadplans.com\/?s={search_term_string}\"},\"query-input\":{\"@type\":\"PropertyValueSpecification\",\"valueRequired\":true,\"valueName\":\"search_term_string\"}}],\"inLanguage\":\"fr-FR\"},{\"@type\":\"Organization\",\"@id\":\"https:\/\/www.solidhomesteadplans.com\/#organization\",\"name\":\"SOLID HOMESTEAD PLANS\",\"url\":\"https:\/\/www.solidhomesteadplans.com\/\",\"logo\":{\"@type\":\"ImageObject\",\"inLanguage\":\"fr-FR\",\"@id\":\"https:\/\/www.solidhomesteadplans.com\/#\/schema\/logo\/image\/\",\"url\":\"https:\/\/www.solidhomesteadplans.com\/wp-content\/uploads\/2025\/07\/Logo-with-Text-F9F9F9-4.png\",\"contentUrl\":\"https:\/\/www.solidhomesteadplans.com\/wp-content\/uploads\/2025\/07\/Logo-with-Text-F9F9F9-4.png\",\"width\":1267,\"height\":1229,\"caption\":\"SOLID HOMESTEAD PLANS\"},\"image\":{\"@id\":\"https:\/\/www.solidhomesteadplans.com\/#\/schema\/logo\/image\/\"},\"sameAs\":[\"https:\/\/www.pinterest.com\/0ie5fdy06yr5wjac5p6w58brz4ip27\/\",\"https:\/\/www.instagram.com\/solidhomesteadplans\/\",\"https:\/\/www.etsy.com\/shop\/SolidHomesteadPlans\"]}]}<\/script>\n<!-- \/ Yoast SEO plugin. -->","yoast_head_json":{"title":"About - SOLID HOMESTEAD PLANS","description":"Build beautiful, durable homestead projects with confidence. Solid Homestead Plans offers engineer-designed, homestead-proven DIY woodworking plans for sheds, coops, and more.","robots":{"index":"index","follow":"follow","max-snippet":"max-snippet:-1","max-image-preview":"max-image-preview:large","max-video-preview":"max-video-preview:-1"},"canonical":"https:\/\/www.solidhomesteadplans.com\/fr\/about\/","og_locale":"fr_FR","og_type":"article","og_title":"About - SOLID HOMESTEAD PLANS","og_description":"Build beautiful, durable homestead projects with confidence. Solid Homestead Plans offers engineer-designed, homestead-proven DIY woodworking plans for sheds, coops, and more.","og_url":"https:\/\/www.solidhomesteadplans.com\/fr\/about\/","og_site_name":"SOLID HOMESTEAD PLANS","article_modified_time":"2025-07-31T16:34:30+00:00","og_image":[{"width":1446,"height":1920,"url":"https:\/\/www.solidhomesteadplans.com\/wp-content\/uploads\/2025\/07\/IMG-20250203-WA0003-1.webp","type":"image\/jpeg"}],"twitter_card":"summary_large_image","twitter_misc":{"Dur\u00e9e de lecture estim\u00e9e":"1 minute"},"schema":{"@context":"https:\/\/schema.org","@graph":[{"@type":"WebPage","@id":"https:\/\/www.solidhomesteadplans.com\/about\/","url":"https:\/\/www.solidhomesteadplans.com\/about\/","name":"About - SOLID HOMESTEAD PLANS","isPartOf":{"@id":"https:\/\/www.solidhomesteadplans.com\/#website"},"primaryImageOfPage":{"@id":"https:\/\/www.solidhomesteadplans.com\/about\/#primaryimage"},"image":{"@id":"https:\/\/www.solidhomesteadplans.com\/about\/#primaryimage"},"thumbnailUrl":"https:\/\/www.solidhomesteadplans.com\/wp-content\/uploads\/2025\/07\/IMG-20250203-WA0003-1-771x1024.webp","datePublished":"2025-07-31T09:06:26+00:00","dateModified":"2025-07-31T16:34:30+00:00","description":"Build beautiful, durable homestead projects with confidence. Solid Homestead Plans offers engineer-designed, homestead-proven DIY woodworking plans for sheds, coops, and more.","breadcrumb":{"@id":"https:\/\/www.solidhomesteadplans.com\/about\/#breadcrumb"},"inLanguage":"fr-FR","potentialAction":[{"@type":"ReadAction","target":["https:\/\/www.solidhomesteadplans.com\/about\/"]}]},{"@type":"ImageObject","inLanguage":"fr-FR","@id":"https:\/\/www.solidhomesteadplans.com\/about\/#primaryimage","url":"https:\/\/www.solidhomesteadplans.com\/wp-content\/uploads\/2025\/07\/IMG-20250203-WA0003-1-771x1024.webp","contentUrl":"https:\/\/www.solidhomesteadplans.com\/wp-content\/uploads\/2025\/07\/IMG-20250203-WA0003-1-771x1024.webp"},{"@type":"BreadcrumbList","@id":"https:\/\/www.solidhomesteadplans.com\/about\/#breadcrumb","itemListElement":[{"@type":"ListItem","position":1,"name":"Home","item":"https:\/\/www.solidhomesteadplans.com\/"},{"@type":"ListItem","position":2,"name":"About"}]},{"@type":"WebSite","@id":"https:\/\/www.solidhomesteadplans.com\/#website","url":"https:\/\/www.solidhomesteadplans.com\/","name":"SOLID HOMESTEAD PLANS","description":"SOLID HOMESTEAD PLANS","publisher":{"@id":"https:\/\/www.solidhomesteadplans.com\/#organization"},"potentialAction":[{"@type":"SearchAction","target":{"@type":"EntryPoint","urlTemplate":"https:\/\/www.solidhomesteadplans.com\/?s={search_term_string}"},"query-input":{"@type":"PropertyValueSpecification","valueRequired":true,"valueName":"search_term_string"}}],"inLanguage":"fr-FR"},{"@type":"Organization","@id":"https:\/\/www.solidhomesteadplans.com\/#organization","name":"SOLID HOMESTEAD PLANS","url":"https:\/\/www.solidhomesteadplans.com\/","logo":{"@type":"ImageObject","inLanguage":"fr-FR","@id":"https:\/\/www.solidhomesteadplans.com\/#\/schema\/logo\/image\/","url":"https:\/\/www.solidhomesteadplans.com\/wp-content\/uploads\/2025\/07\/Logo-with-Text-F9F9F9-4.png","contentUrl":"https:\/\/www.solidhomesteadplans.com\/wp-content\/uploads\/2025\/07\/Logo-with-Text-F9F9F9-4.png","width":1267,"height":1229,"caption":"SOLID HOMESTEAD PLANS"},"image":{"@id":"https:\/\/www.solidhomesteadplans.com\/#\/schema\/logo\/image\/"},"sameAs":["https:\/\/www.pinterest.com\/0ie5fdy06yr5wjac5p6w58brz4ip27\/","https:\/\/www.instagram.com\/solidhomesteadplans\/","https:\/\/www.etsy.com\/shop\/SolidHomesteadPlans"]}]}},"_links":{"self":[{"href":"https:\/\/www.solidhomesteadplans.com\/fr\/wp-json\/wp\/v2\/pages\/464","targetHints":{"allow":["GET"]}}],"collection":[{"href":"https:\/\/www.solidhomesteadplans.com\/fr\/wp-json\/wp\/v2\/pages"}],"about":[{"href":"https:\/\/www.solidhomesteadplans.com\/fr\/wp-json\/wp\/v2\/types\/page"}],"author":[{"embeddable":true,"href":"https:\/\/www.solidhomesteadplans.com\/fr\/wp-json\/wp\/v2\/users\/1"}],"replies":[{"embeddable":true,"href":"https:\/\/www.solidhomesteadplans.com\/fr\/wp-json\/wp\/v2\/comments?post=464"}],"version-history":[{"count":61,"href":"https:\/\/www.solidhomesteadplans.com\/fr\/wp-json\/wp\/v2\/pages\/464\/revisions"}],"predecessor-version":[{"id":792,"href":"https:\/\/www.solidhomesteadplans.com\/fr\/wp-json\/wp\/v2\/pages\/464\/revisions\/792"}],"wp:attachment":[{"href":"https:\/\/www.solidhomesteadplans.com\/fr\/wp-json\/wp\/v2\/media?parent=464"}],"curies":[{"name":"wp","href":"https:\/\/api.w.org\/{rel}","templated":true}]}}