{"id":28,"date":"2025-07-26T15:57:41","date_gmt":"2025-07-26T15:57:41","guid":{"rendered":"https:\/\/www.solidhomesteadplans.com\/?page_id=28"},"modified":"2025-09-19T20:39:15","modified_gmt":"2025-09-19T20:39:15","slug":"our-plans","status":"publish","type":"page","link":"https:\/\/www.solidhomesteadplans.com\/fr\/our-plans\/","title":{"rendered":"Notre collection de plans \u00e9prouv\u00e9s pour la domaine"},"content":{"rendered":"<div class=\"wp-block-group alignwide is-layout-flow wp-block-group-is-layout-flow\">\n<div class=\"wp-block-group has-global-padding is-layout-constrained wp-block-group-is-layout-constrained\" style=\"margin-top:-60px;margin-bottom:50px\">\n<p class=\"has-text-align-center\"><em>Chaque plan que nous proposons est n\u00e9 d'un besoin concret sur notre propre domaine. Con\u00e7us par un ing\u00e9nieur et test\u00e9s \u00e0 la main, ce sont les plans dont vous avez besoin pour construire en toute confiance. Parcourez notre collection ci-dessous pour trouver le projet parfait pour votre propri\u00e9t\u00e9.<\/em><\/p>\n<\/div>\n\n\n\n<div style=\"height:70px\" aria-hidden=\"true\" class=\"wp-block-spacer\"><\/div>\n\n\n\n<div class=\"wp-block-columns are-vertically-aligned-top is-layout-flex wp-container-core-columns-is-layout-28f84493 wp-block-columns-is-layout-flex\">\n<div class=\"wp-block-column is-vertically-aligned-top is-layout-flow wp-block-column-is-layout-flow\">\n<figure class=\"wp-block-image size-large has-custom-border\"><a href=\"https:\/\/www.solidhomesteadplans.com\/fr\/2025\/07\/27\/how-we-designed-and-built-the-perfect-goat-chalet-an-engineers-build-diary\/\"><img loading=\"lazy\" decoding=\"async\" width=\"1024\" height=\"768\" src=\"https:\/\/www.solidhomesteadplans.com\/wp-content\/uploads\/2025\/07\/1000022922-11-1024x768.webp\" alt=\"\" class=\"wp-image-730\" style=\"border-radius:15px\" srcset=\"https:\/\/www.solidhomesteadplans.com\/wp-content\/uploads\/2025\/07\/1000022922-11-1024x768.webp 1024w, https:\/\/www.solidhomesteadplans.com\/wp-content\/uploads\/2025\/07\/1000022922-11-300x225.webp 300w, https:\/\/www.solidhomesteadplans.com\/wp-content\/uploads\/2025\/07\/1000022922-11-768x576.webp 768w, https:\/\/www.solidhomesteadplans.com\/wp-content\/uploads\/2025\/07\/1000022922-11-1536x1152.webp 1536w, https:\/\/www.solidhomesteadplans.com\/wp-content\/uploads\/2025\/07\/1000022922-11-16x12.webp 16w, https:\/\/www.solidhomesteadplans.com\/wp-content\/uploads\/2025\/07\/1000022922-11.webp 1920w\" sizes=\"auto, (max-width: 1024px) 100vw, 1024px\" \/><\/a><\/figure>\n\n\n\n<h5 class=\"wp-block-heading\">Le Chalet des Ch\u00e8vres<\/h5>\n\n\n\n<p>Une demeure durable et magnifiquement con\u00e7ue pour votre troupeau, pens\u00e9e pour offrir une ventilation optimale et une protection contre les \u00e9l\u00e9ments.<\/p>\n\n\n\n<div class=\"wp-block-buttons is-layout-flex wp-block-buttons-is-layout-flex\">\n<div class=\"wp-block-button\"><a class=\"wp-block-button__link has-contrast-color has-accent-background-color has-text-color has-background has-link-color wp-element-button\" href=\"https:\/\/www.solidhomesteadplans.com\/fr\/2025\/07\/27\/how-we-designed-and-built-the-perfect-goat-chalet-an-engineers-build-diary\/\"><strong>Voir les d\u00e9tails<\/strong><\/a><\/div>\n<\/div>\n<\/div>\n\n\n\n<div class=\"wp-block-column is-vertically-aligned-top is-layout-flow wp-block-column-is-layout-flow\">\n<figure class=\"wp-block-image size-large has-custom-border\"><img decoding=\"async\" src=\"https:\/\/www.solidhomesteadplans.com\/wp-content\/uploads\/2025\/07\/20190718_212404-1-2-edited.jpg\" alt=\"\" class=\"wp-image-734\" style=\"border-radius:15px\"\/><\/figure>\n\n\n\n<h5 class=\"wp-block-heading\">Le Ch\u00e2teau des Poules<\/h5>\n\n\n\n<p>Un poulailler s\u00e9curis\u00e9 et bien pens\u00e9 qui assure la sant\u00e9 de votre volaille et simplifie vos t\u00e2ches quotidiennes.<\/p>\n\n\n\n<div class=\"wp-block-buttons is-layout-flex wp-block-buttons-is-layout-flex\">\n<div class=\"wp-block-button\"><a class=\"wp-block-button__link has-contrast-color has-accent-5-background-color has-text-color has-background has-link-color wp-element-button\"><strong>Bient\u00f4t disponible<\/strong><\/a><\/div>\n<\/div>\n<\/div>\n<\/div>\n<\/div>\n\n\n\n<p><\/p>","protected":false},"excerpt":{"rendered":"<p>Every plan we offer is born from a real-world need on our own homestead. Designed by an engineer and tested by hand, these are the blueprints you need to build with confidence. Browse our collection below to find the perfect project for your property. The Goats Chalet A durable and beautifully designed home for your [&hellip;]<\/p>\n","protected":false},"author":1,"featured_media":0,"parent":0,"menu_order":0,"comment_status":"closed","ping_status":"closed","template":"","meta":{"footnotes":""},"class_list":["post-28","page","type-page","status-publish","hentry"],"yoast_head":"<!-- This site is optimized with the Yoast SEO plugin v26.0 - https:\/\/yoast.com\/wordpress\/plugins\/seo\/ -->\n<title>Our Collection of Homestead-Proven Plans - SOLID HOMESTEAD PLANS<\/title>\n<meta name=\"description\" content=\"Build beautiful, durable homestead projects with confidence. Solid Homestead Plans offers engineer-designed, homestead-proven DIY woodworking plans for sheds, coops, and more.\" \/>\n<meta name=\"robots\" content=\"index, follow, max-snippet:-1, max-image-preview:large, max-video-preview:-1\" \/>\n<link rel=\"canonical\" href=\"https:\/\/www.solidhomesteadplans.com\/fr\/our-plans\/\" \/>\n<meta property=\"og:locale\" content=\"fr_FR\" \/>\n<meta property=\"og:type\" content=\"article\" \/>\n<meta property=\"og:title\" content=\"Our Collection of Homestead-Proven Plans - SOLID HOMESTEAD PLANS\" \/>\n<meta property=\"og:description\" content=\"Build beautiful, durable homestead projects with confidence. Solid Homestead Plans offers engineer-designed, homestead-proven DIY woodworking plans for sheds, coops, and more.\" \/>\n<meta property=\"og:url\" content=\"https:\/\/www.solidhomesteadplans.com\/fr\/our-plans\/\" \/>\n<meta property=\"og:site_name\" content=\"SOLID HOMESTEAD PLANS\" \/>\n<meta property=\"article:modified_time\" content=\"2025-09-19T20:39:15+00:00\" \/>\n<meta property=\"og:image\" content=\"https:\/\/www.solidhomesteadplans.com\/wp-content\/uploads\/2025\/07\/1000022922-11.webp\" \/>\n\t<meta property=\"og:image:width\" content=\"1920\" \/>\n\t<meta property=\"og:image:height\" content=\"1440\" \/>\n\t<meta property=\"og:image:type\" content=\"image\/jpeg\" \/>\n<meta name=\"twitter:card\" content=\"summary_large_image\" \/>\n<script type=\"application\/ld+json\" class=\"yoast-schema-graph\">{\"@context\":\"https:\/\/schema.org\",\"@graph\":[{\"@type\":\"WebPage\",\"@id\":\"https:\/\/www.solidhomesteadplans.com\/our-plans\/\",\"url\":\"https:\/\/www.solidhomesteadplans.com\/our-plans\/\",\"name\":\"Our Collection of Homestead-Proven Plans - SOLID HOMESTEAD PLANS\",\"isPartOf\":{\"@id\":\"https:\/\/www.solidhomesteadplans.com\/#website\"},\"primaryImageOfPage\":{\"@id\":\"https:\/\/www.solidhomesteadplans.com\/our-plans\/#primaryimage\"},\"image\":{\"@id\":\"https:\/\/www.solidhomesteadplans.com\/our-plans\/#primaryimage\"},\"thumbnailUrl\":\"https:\/\/www.solidhomesteadplans.com\/wp-content\/uploads\/2025\/07\/1000022922-11-1024x768.webp\",\"datePublished\":\"2025-07-26T15:57:41+00:00\",\"dateModified\":\"2025-09-19T20:39:15+00:00\",\"description\":\"Build beautiful, durable homestead projects with confidence. Solid Homestead Plans offers engineer-designed, homestead-proven DIY woodworking plans for sheds, coops, and more.\",\"breadcrumb\":{\"@id\":\"https:\/\/www.solidhomesteadplans.com\/our-plans\/#breadcrumb\"},\"inLanguage\":\"fr-FR\",\"potentialAction\":[{\"@type\":\"ReadAction\",\"target\":[\"https:\/\/www.solidhomesteadplans.com\/our-plans\/\"]}]},{\"@type\":\"ImageObject\",\"inLanguage\":\"fr-FR\",\"@id\":\"https:\/\/www.solidhomesteadplans.com\/our-plans\/#primaryimage\",\"url\":\"https:\/\/www.solidhomesteadplans.com\/wp-content\/uploads\/2025\/07\/1000022922-11-1024x768.webp\",\"contentUrl\":\"https:\/\/www.solidhomesteadplans.com\/wp-content\/uploads\/2025\/07\/1000022922-11-1024x768.webp\"},{\"@type\":\"BreadcrumbList\",\"@id\":\"https:\/\/www.solidhomesteadplans.com\/our-plans\/#breadcrumb\",\"itemListElement\":[{\"@type\":\"ListItem\",\"position\":1,\"name\":\"Home\",\"item\":\"https:\/\/www.solidhomesteadplans.com\/\"},{\"@type\":\"ListItem\",\"position\":2,\"name\":\"Our Collection of Homestead-Proven Plans\"}]},{\"@type\":\"WebSite\",\"@id\":\"https:\/\/www.solidhomesteadplans.com\/#website\",\"url\":\"https:\/\/www.solidhomesteadplans.com\/\",\"name\":\"SOLID HOMESTEAD PLANS\",\"description\":\"SOLID HOMESTEAD PLANS\",\"publisher\":{\"@id\":\"https:\/\/www.solidhomesteadplans.com\/#organization\"},\"potentialAction\":[{\"@type\":\"SearchAction\",\"target\":{\"@type\":\"EntryPoint\",\"urlTemplate\":\"https:\/\/www.solidhomesteadplans.com\/?s={search_term_string}\"},\"query-input\":{\"@type\":\"PropertyValueSpecification\",\"valueRequired\":true,\"valueName\":\"search_term_string\"}}],\"inLanguage\":\"fr-FR\"},{\"@type\":\"Organization\",\"@id\":\"https:\/\/www.solidhomesteadplans.com\/#organization\",\"name\":\"SOLID HOMESTEAD PLANS\",\"url\":\"https:\/\/www.solidhomesteadplans.com\/\",\"logo\":{\"@type\":\"ImageObject\",\"inLanguage\":\"fr-FR\",\"@id\":\"https:\/\/www.solidhomesteadplans.com\/#\/schema\/logo\/image\/\",\"url\":\"https:\/\/www.solidhomesteadplans.com\/wp-content\/uploads\/2025\/07\/Logo-with-Text-F9F9F9-4.png\",\"contentUrl\":\"https:\/\/www.solidhomesteadplans.com\/wp-content\/uploads\/2025\/07\/Logo-with-Text-F9F9F9-4.png\",\"width\":1267,\"height\":1229,\"caption\":\"SOLID HOMESTEAD PLANS\"},\"image\":{\"@id\":\"https:\/\/www.solidhomesteadplans.com\/#\/schema\/logo\/image\/\"},\"sameAs\":[\"https:\/\/www.pinterest.com\/0ie5fdy06yr5wjac5p6w58brz4ip27\/\",\"https:\/\/www.instagram.com\/solidhomesteadplans\/\",\"https:\/\/www.etsy.com\/shop\/SolidHomesteadPlans\"]}]}<\/script>\n<!-- \/ Yoast SEO plugin. -->","yoast_head_json":{"title":"Our Collection of Homestead-Proven Plans - SOLID HOMESTEAD PLANS","description":"Build beautiful, durable homestead projects with confidence. Solid Homestead Plans offers engineer-designed, homestead-proven DIY woodworking plans for sheds, coops, and more.","robots":{"index":"index","follow":"follow","max-snippet":"max-snippet:-1","max-image-preview":"max-image-preview:large","max-video-preview":"max-video-preview:-1"},"canonical":"https:\/\/www.solidhomesteadplans.com\/fr\/our-plans\/","og_locale":"fr_FR","og_type":"article","og_title":"Our Collection of Homestead-Proven Plans - SOLID HOMESTEAD PLANS","og_description":"Build beautiful, durable homestead projects with confidence. Solid Homestead Plans offers engineer-designed, homestead-proven DIY woodworking plans for sheds, coops, and more.","og_url":"https:\/\/www.solidhomesteadplans.com\/fr\/our-plans\/","og_site_name":"SOLID HOMESTEAD PLANS","article_modified_time":"2025-09-19T20:39:15+00:00","og_image":[{"width":1920,"height":1440,"url":"https:\/\/www.solidhomesteadplans.com\/wp-content\/uploads\/2025\/07\/1000022922-11.webp","type":"image\/jpeg"}],"twitter_card":"summary_large_image","schema":{"@context":"https:\/\/schema.org","@graph":[{"@type":"WebPage","@id":"https:\/\/www.solidhomesteadplans.com\/our-plans\/","url":"https:\/\/www.solidhomesteadplans.com\/our-plans\/","name":"Our Collection of Homestead-Proven Plans - SOLID HOMESTEAD PLANS","isPartOf":{"@id":"https:\/\/www.solidhomesteadplans.com\/#website"},"primaryImageOfPage":{"@id":"https:\/\/www.solidhomesteadplans.com\/our-plans\/#primaryimage"},"image":{"@id":"https:\/\/www.solidhomesteadplans.com\/our-plans\/#primaryimage"},"thumbnailUrl":"https:\/\/www.solidhomesteadplans.com\/wp-content\/uploads\/2025\/07\/1000022922-11-1024x768.webp","datePublished":"2025-07-26T15:57:41+00:00","dateModified":"2025-09-19T20:39:15+00:00","description":"Build beautiful, durable homestead projects with confidence. Solid Homestead Plans offers engineer-designed, homestead-proven DIY woodworking plans for sheds, coops, and more.","breadcrumb":{"@id":"https:\/\/www.solidhomesteadplans.com\/our-plans\/#breadcrumb"},"inLanguage":"fr-FR","potentialAction":[{"@type":"ReadAction","target":["https:\/\/www.solidhomesteadplans.com\/our-plans\/"]}]},{"@type":"ImageObject","inLanguage":"fr-FR","@id":"https:\/\/www.solidhomesteadplans.com\/our-plans\/#primaryimage","url":"https:\/\/www.solidhomesteadplans.com\/wp-content\/uploads\/2025\/07\/1000022922-11-1024x768.webp","contentUrl":"https:\/\/www.solidhomesteadplans.com\/wp-content\/uploads\/2025\/07\/1000022922-11-1024x768.webp"},{"@type":"BreadcrumbList","@id":"https:\/\/www.solidhomesteadplans.com\/our-plans\/#breadcrumb","itemListElement":[{"@type":"ListItem","position":1,"name":"Home","item":"https:\/\/www.solidhomesteadplans.com\/"},{"@type":"ListItem","position":2,"name":"Our Collection of Homestead-Proven Plans"}]},{"@type":"WebSite","@id":"https:\/\/www.solidhomesteadplans.com\/#website","url":"https:\/\/www.solidhomesteadplans.com\/","name":"SOLID HOMESTEAD PLANS","description":"SOLID HOMESTEAD PLANS","publisher":{"@id":"https:\/\/www.solidhomesteadplans.com\/#organization"},"potentialAction":[{"@type":"SearchAction","target":{"@type":"EntryPoint","urlTemplate":"https:\/\/www.solidhomesteadplans.com\/?s={search_term_string}"},"query-input":{"@type":"PropertyValueSpecification","valueRequired":true,"valueName":"search_term_string"}}],"inLanguage":"fr-FR"},{"@type":"Organization","@id":"https:\/\/www.solidhomesteadplans.com\/#organization","name":"SOLID HOMESTEAD PLANS","url":"https:\/\/www.solidhomesteadplans.com\/","logo":{"@type":"ImageObject","inLanguage":"fr-FR","@id":"https:\/\/www.solidhomesteadplans.com\/#\/schema\/logo\/image\/","url":"https:\/\/www.solidhomesteadplans.com\/wp-content\/uploads\/2025\/07\/Logo-with-Text-F9F9F9-4.png","contentUrl":"https:\/\/www.solidhomesteadplans.com\/wp-content\/uploads\/2025\/07\/Logo-with-Text-F9F9F9-4.png","width":1267,"height":1229,"caption":"SOLID HOMESTEAD PLANS"},"image":{"@id":"https:\/\/www.solidhomesteadplans.com\/#\/schema\/logo\/image\/"},"sameAs":["https:\/\/www.pinterest.com\/0ie5fdy06yr5wjac5p6w58brz4ip27\/","https:\/\/www.instagram.com\/solidhomesteadplans\/","https:\/\/www.etsy.com\/shop\/SolidHomesteadPlans"]}]}},"_links":{"self":[{"href":"https:\/\/www.solidhomesteadplans.com\/fr\/wp-json\/wp\/v2\/pages\/28","targetHints":{"allow":["GET"]}}],"collection":[{"href":"https:\/\/www.solidhomesteadplans.com\/fr\/wp-json\/wp\/v2\/pages"}],"about":[{"href":"https:\/\/www.solidhomesteadplans.com\/fr\/wp-json\/wp\/v2\/types\/page"}],"author":[{"embeddable":true,"href":"https:\/\/www.solidhomesteadplans.com\/fr\/wp-json\/wp\/v2\/users\/1"}],"replies":[{"embeddable":true,"href":"https:\/\/www.solidhomesteadplans.com\/fr\/wp-json\/wp\/v2\/comments?post=28"}],"version-history":[{"count":43,"href":"https:\/\/www.solidhomesteadplans.com\/fr\/wp-json\/wp\/v2\/pages\/28\/revisions"}],"predecessor-version":[{"id":1265,"href":"https:\/\/www.solidhomesteadplans.com\/fr\/wp-json\/wp\/v2\/pages\/28\/revisions\/1265"}],"wp:attachment":[{"href":"https:\/\/www.solidhomesteadplans.com\/fr\/wp-json\/wp\/v2\/media?parent=28"}],"curies":[{"name":"wp","href":"https:\/\/api.w.org\/{rel}","templated":true}]}}