{"id":1312,"date":"2025-11-08T21:00:08","date_gmt":"2025-11-08T21:00:08","guid":{"rendered":"https:\/\/www.solidhomesteadplans.com\/?page_id=1312"},"modified":"2025-11-08T21:00:08","modified_gmt":"2025-11-08T21:00:08","slug":"thank-you","status":"publish","type":"page","link":"https:\/\/www.solidhomesteadplans.com\/fr\/thank-you\/","title":{"rendered":"Merci!"},"content":{"rendered":"<h3 class=\"wp-block-heading\">C'est fait ! Votre checklist est en route.<\/h3>\n\n\n\n<p>Nous venons d'envoyer l'e-mail contenant votre lien de t\u00e9l\u00e9chargement gratuit.<br>(Pensez \u00e0 v\u00e9rifier vos dossiers spam ou promotions !)<\/p>\n\n\n\n<h4 class=\"wp-block-heading\">Pendant ce temps...<\/h4>\n\n\n\n<p><strong>Pr\u00eat \u00e0 construire ?<\/strong><\/p>\n\n\n\n<div class=\"wp-block-buttons is-layout-flex wp-block-buttons-is-layout-flex\">\n<div class=\"wp-block-button is-style-outline is-style-outline--1\"><a class=\"wp-block-button__link has-contrast-color has-accent-3-background-color has-text-color has-background has-link-color wp-element-button\" href=\"https:\/\/www.etsy.com\/listing\/4372096092\/goat-chalet-diy-plans-engineer-designed\" target=\"_blank\" rel=\"noreferrer noopener\"><strong>Voir les plans du Chalet pour Ch\u00e8vres sur Etsy<\/strong><\/a><\/div>\n<\/div>\n\n\n\n<p><strong>Envie d'en savoir plus ?<\/strong><\/p>\n\n\n\n<div class=\"wp-block-buttons is-layout-flex wp-block-buttons-is-layout-flex\">\n<div class=\"wp-block-button\"><a class=\"wp-block-button__link has-contrast-color has-accent-background-color has-text-color has-background has-link-color wp-element-button\" href=\"https:\/\/www.solidhomesteadplans.com\/fr\/2025\/07\/27\/how-we-designed-and-built-the-perfect-goat-chalet-an-engineers-build-diary\/\"><strong>Lisez le journal de bord du Chalet pour Ch\u00e8vres<\/strong><\/a><\/div>\n<\/div>","protected":false},"excerpt":{"rendered":"<p>You&#8217;re In! Your Checklist is on the Way. We&#8217;ve just sent the email with your free download link.(Be sure to check your spam or promotions folder!) While You Wait&#8230; Ready to build? Want to learn more?<\/p>","protected":false},"author":1,"featured_media":0,"parent":0,"menu_order":0,"comment_status":"closed","ping_status":"closed","template":"","meta":{"footnotes":""},"class_list":["post-1312","page","type-page","status-publish","hentry"],"yoast_head":"<!-- This site is optimized with the Yoast SEO plugin v26.0 - https:\/\/yoast.com\/wordpress\/plugins\/seo\/ -->\n<title>Thank You! - SOLID HOMESTEAD PLANS<\/title>\n<meta name=\"description\" content=\"Build beautiful, durable homestead projects with confidence. Solid Homestead Plans offers engineer-designed, homestead-proven DIY woodworking plans for sheds, coops, and more.\" \/>\n<meta name=\"robots\" content=\"index, follow, max-snippet:-1, max-image-preview:large, max-video-preview:-1\" \/>\n<link rel=\"canonical\" href=\"https:\/\/www.solidhomesteadplans.com\/fr\/thank-you\/\" \/>\n<meta property=\"og:locale\" content=\"fr_FR\" \/>\n<meta property=\"og:type\" content=\"article\" \/>\n<meta property=\"og:title\" content=\"Thank You! - SOLID HOMESTEAD PLANS\" \/>\n<meta property=\"og:description\" content=\"Build beautiful, durable homestead projects with confidence. Solid Homestead Plans offers engineer-designed, homestead-proven DIY woodworking plans for sheds, coops, and more.\" \/>\n<meta property=\"og:url\" content=\"https:\/\/www.solidhomesteadplans.com\/fr\/thank-you\/\" \/>\n<meta property=\"og:site_name\" content=\"SOLID HOMESTEAD PLANS\" \/>\n<meta name=\"twitter:card\" content=\"summary_large_image\" \/>\n<script type=\"application\/ld+json\" class=\"yoast-schema-graph\">{\"@context\":\"https:\/\/schema.org\",\"@graph\":[{\"@type\":\"WebPage\",\"@id\":\"https:\/\/www.solidhomesteadplans.com\/thank-you\/\",\"url\":\"https:\/\/www.solidhomesteadplans.com\/thank-you\/\",\"name\":\"Thank You! - SOLID HOMESTEAD PLANS\",\"isPartOf\":{\"@id\":\"https:\/\/www.solidhomesteadplans.com\/#website\"},\"datePublished\":\"2025-11-08T21:00:08+00:00\",\"description\":\"Build beautiful, durable homestead projects with confidence. Solid Homestead Plans offers engineer-designed, homestead-proven DIY woodworking plans for sheds, coops, and more.\",\"breadcrumb\":{\"@id\":\"https:\/\/www.solidhomesteadplans.com\/thank-you\/#breadcrumb\"},\"inLanguage\":\"fr-FR\",\"potentialAction\":[{\"@type\":\"ReadAction\",\"target\":[\"https:\/\/www.solidhomesteadplans.com\/thank-you\/\"]}]},{\"@type\":\"BreadcrumbList\",\"@id\":\"https:\/\/www.solidhomesteadplans.com\/thank-you\/#breadcrumb\",\"itemListElement\":[{\"@type\":\"ListItem\",\"position\":1,\"name\":\"Home\",\"item\":\"https:\/\/www.solidhomesteadplans.com\/\"},{\"@type\":\"ListItem\",\"position\":2,\"name\":\"Thank You!\"}]},{\"@type\":\"WebSite\",\"@id\":\"https:\/\/www.solidhomesteadplans.com\/#website\",\"url\":\"https:\/\/www.solidhomesteadplans.com\/\",\"name\":\"SOLID HOMESTEAD PLANS\",\"description\":\"SOLID HOMESTEAD PLANS\",\"publisher\":{\"@id\":\"https:\/\/www.solidhomesteadplans.com\/#organization\"},\"potentialAction\":[{\"@type\":\"SearchAction\",\"target\":{\"@type\":\"EntryPoint\",\"urlTemplate\":\"https:\/\/www.solidhomesteadplans.com\/?s={search_term_string}\"},\"query-input\":{\"@type\":\"PropertyValueSpecification\",\"valueRequired\":true,\"valueName\":\"search_term_string\"}}],\"inLanguage\":\"fr-FR\"},{\"@type\":\"Organization\",\"@id\":\"https:\/\/www.solidhomesteadplans.com\/#organization\",\"name\":\"SOLID HOMESTEAD PLANS\",\"url\":\"https:\/\/www.solidhomesteadplans.com\/\",\"logo\":{\"@type\":\"ImageObject\",\"inLanguage\":\"fr-FR\",\"@id\":\"https:\/\/www.solidhomesteadplans.com\/#\/schema\/logo\/image\/\",\"url\":\"https:\/\/www.solidhomesteadplans.com\/wp-content\/uploads\/2025\/07\/Logo-with-Text-F9F9F9-4.png\",\"contentUrl\":\"https:\/\/www.solidhomesteadplans.com\/wp-content\/uploads\/2025\/07\/Logo-with-Text-F9F9F9-4.png\",\"width\":1267,\"height\":1229,\"caption\":\"SOLID HOMESTEAD PLANS\"},\"image\":{\"@id\":\"https:\/\/www.solidhomesteadplans.com\/#\/schema\/logo\/image\/\"},\"sameAs\":[\"https:\/\/www.pinterest.com\/0ie5fdy06yr5wjac5p6w58brz4ip27\/\",\"https:\/\/www.instagram.com\/solidhomesteadplans\/\",\"https:\/\/www.etsy.com\/shop\/SolidHomesteadPlans\"]}]}<\/script>\n<!-- \/ Yoast SEO plugin. -->","yoast_head_json":{"title":"Thank You! - SOLID HOMESTEAD PLANS","description":"Build beautiful, durable homestead projects with confidence. Solid Homestead Plans offers engineer-designed, homestead-proven DIY woodworking plans for sheds, coops, and more.","robots":{"index":"index","follow":"follow","max-snippet":"max-snippet:-1","max-image-preview":"max-image-preview:large","max-video-preview":"max-video-preview:-1"},"canonical":"https:\/\/www.solidhomesteadplans.com\/fr\/thank-you\/","og_locale":"fr_FR","og_type":"article","og_title":"Thank You! - SOLID HOMESTEAD PLANS","og_description":"Build beautiful, durable homestead projects with confidence. Solid Homestead Plans offers engineer-designed, homestead-proven DIY woodworking plans for sheds, coops, and more.","og_url":"https:\/\/www.solidhomesteadplans.com\/fr\/thank-you\/","og_site_name":"SOLID HOMESTEAD PLANS","twitter_card":"summary_large_image","schema":{"@context":"https:\/\/schema.org","@graph":[{"@type":"WebPage","@id":"https:\/\/www.solidhomesteadplans.com\/thank-you\/","url":"https:\/\/www.solidhomesteadplans.com\/thank-you\/","name":"Thank You! - SOLID HOMESTEAD PLANS","isPartOf":{"@id":"https:\/\/www.solidhomesteadplans.com\/#website"},"datePublished":"2025-11-08T21:00:08+00:00","description":"Build beautiful, durable homestead projects with confidence. Solid Homestead Plans offers engineer-designed, homestead-proven DIY woodworking plans for sheds, coops, and more.","breadcrumb":{"@id":"https:\/\/www.solidhomesteadplans.com\/thank-you\/#breadcrumb"},"inLanguage":"fr-FR","potentialAction":[{"@type":"ReadAction","target":["https:\/\/www.solidhomesteadplans.com\/thank-you\/"]}]},{"@type":"BreadcrumbList","@id":"https:\/\/www.solidhomesteadplans.com\/thank-you\/#breadcrumb","itemListElement":[{"@type":"ListItem","position":1,"name":"Home","item":"https:\/\/www.solidhomesteadplans.com\/"},{"@type":"ListItem","position":2,"name":"Thank You!"}]},{"@type":"WebSite","@id":"https:\/\/www.solidhomesteadplans.com\/#website","url":"https:\/\/www.solidhomesteadplans.com\/","name":"SOLID HOMESTEAD PLANS","description":"SOLID HOMESTEAD PLANS","publisher":{"@id":"https:\/\/www.solidhomesteadplans.com\/#organization"},"potentialAction":[{"@type":"SearchAction","target":{"@type":"EntryPoint","urlTemplate":"https:\/\/www.solidhomesteadplans.com\/?s={search_term_string}"},"query-input":{"@type":"PropertyValueSpecification","valueRequired":true,"valueName":"search_term_string"}}],"inLanguage":"fr-FR"},{"@type":"Organization","@id":"https:\/\/www.solidhomesteadplans.com\/#organization","name":"SOLID HOMESTEAD PLANS","url":"https:\/\/www.solidhomesteadplans.com\/","logo":{"@type":"ImageObject","inLanguage":"fr-FR","@id":"https:\/\/www.solidhomesteadplans.com\/#\/schema\/logo\/image\/","url":"https:\/\/www.solidhomesteadplans.com\/wp-content\/uploads\/2025\/07\/Logo-with-Text-F9F9F9-4.png","contentUrl":"https:\/\/www.solidhomesteadplans.com\/wp-content\/uploads\/2025\/07\/Logo-with-Text-F9F9F9-4.png","width":1267,"height":1229,"caption":"SOLID HOMESTEAD PLANS"},"image":{"@id":"https:\/\/www.solidhomesteadplans.com\/#\/schema\/logo\/image\/"},"sameAs":["https:\/\/www.pinterest.com\/0ie5fdy06yr5wjac5p6w58brz4ip27\/","https:\/\/www.instagram.com\/solidhomesteadplans\/","https:\/\/www.etsy.com\/shop\/SolidHomesteadPlans"]}]}},"_links":{"self":[{"href":"https:\/\/www.solidhomesteadplans.com\/fr\/wp-json\/wp\/v2\/pages\/1312","targetHints":{"allow":["GET"]}}],"collection":[{"href":"https:\/\/www.solidhomesteadplans.com\/fr\/wp-json\/wp\/v2\/pages"}],"about":[{"href":"https:\/\/www.solidhomesteadplans.com\/fr\/wp-json\/wp\/v2\/types\/page"}],"author":[{"embeddable":true,"href":"https:\/\/www.solidhomesteadplans.com\/fr\/wp-json\/wp\/v2\/users\/1"}],"replies":[{"embeddable":true,"href":"https:\/\/www.solidhomesteadplans.com\/fr\/wp-json\/wp\/v2\/comments?post=1312"}],"version-history":[{"count":5,"href":"https:\/\/www.solidhomesteadplans.com\/fr\/wp-json\/wp\/v2\/pages\/1312\/revisions"}],"predecessor-version":[{"id":1317,"href":"https:\/\/www.solidhomesteadplans.com\/fr\/wp-json\/wp\/v2\/pages\/1312\/revisions\/1317"}],"wp:attachment":[{"href":"https:\/\/www.solidhomesteadplans.com\/fr\/wp-json\/wp\/v2\/media?parent=1312"}],"curies":[{"name":"wp","href":"https:\/\/api.w.org\/{rel}","templated":true}]}}