{"id":1277,"date":"2025-09-28T19:24:51","date_gmt":"2025-09-28T19:24:51","guid":{"rendered":"https:\/\/www.solidhomesteadplans.com\/?page_id=1277"},"modified":"2025-09-28T19:24:51","modified_gmt":"2025-09-28T19:24:51","slug":"free-tools-equipment-checklist","status":"publish","type":"page","link":"https:\/\/www.solidhomesteadplans.com\/fr\/free-tools-equipment-checklist\/","title":{"rendered":"Checklist Gratuite des Outils et \u00c9quipements"},"content":{"rendered":"<div class=\"wp-block-media-text is-stacked-on-mobile is-vertically-aligned-center\" style=\"grid-template-columns:15% auto\"><figure class=\"wp-block-media-text__media\"><img loading=\"lazy\" decoding=\"async\" width=\"200\" height=\"286\" src=\"https:\/\/www.solidhomesteadplans.com\/wp-content\/uploads\/2025\/09\/1000028841-1.jpg\" alt=\"\" class=\"wp-image-1282 size-full\" srcset=\"https:\/\/www.solidhomesteadplans.com\/wp-content\/uploads\/2025\/09\/1000028841-1.jpg 200w, https:\/\/www.solidhomesteadplans.com\/wp-content\/uploads\/2025\/09\/1000028841-1-8x12.jpg 8w\" sizes=\"auto, (max-width: 200px) 100vw, 200px\" \/><\/figure><div class=\"wp-block-media-text__content\">\n<p class=\"translation-block\">Recevez notre <strong>Checklist Gratuite des Outils et \u00c9quipements<\/strong>, un guide complet de tous les outils dont vous aurez besoin pour votre prochain grand projet \u00e0 la ferme. Nous vous enverrons \u00e9galement nos meilleurs conseils, tir\u00e9s de notre exp\u00e9rience lors de la construction du Chalet \u00e0 Ch\u00e8vres.<\/p>\n<\/div><\/div>\n\n\n\n<div class=\"wp-block-group has-global-padding is-layout-constrained wp-container-core-group-is-layout-639b5052 wp-block-group-is-layout-constrained\" style=\"border-style:none;border-width:0px;border-radius:0px;padding-top:0;padding-right:0;padding-bottom:0;padding-left:0\"><\/p>\n\n\n\n<!-- Begin Brevo Form --><!-- START - We recommend to place the below code in head tag of your website html  --><style>  @font-face {    font-display: block;    font-family: Roboto;    src: url(https:\/\/assets.brevo.com\/font\/Roboto\/Latin\/normal\/normal\/7529907e9eaf8ebb5220c5f9850e3811.woff2) format(\"woff2\"), url(https:\/\/assets.brevo.com\/font\/Roboto\/Latin\/normal\/normal\/25c678feafdc175a70922a116c9be3e7.woff) format(\"woff\")  }  @font-face {    font-display: fallback;    font-family: Roboto;    font-weight: 600;    src: url(https:\/\/assets.brevo.com\/font\/Roboto\/Latin\/medium\/normal\/6e9caeeafb1f3491be3e32744bc30440.woff2) format(\"woff2\"), url(https:\/\/assets.brevo.com\/font\/Roboto\/Latin\/medium\/normal\/71501f0d8d5aa95960f6475d5487d4c2.woff) format(\"woff\")  }  @font-face {    font-display: fallback;    font-family: Roboto;    font-weight: 700;    src: url(https:\/\/assets.brevo.com\/font\/Roboto\/Latin\/bold\/normal\/3ef7cf158f310cf752d5ad08cd0e7e60.woff2) format(\"woff2\"), url(https:\/\/assets.brevo.com\/font\/Roboto\/Latin\/bold\/normal\/ece3a1d82f18b60bcce0211725c476aa.woff) format(\"woff\")  }  #sib-container input:-ms-input-placeholder {    text-align: left;    font-family: Helvetica, sans-serif;    color: #99a0a7;  }  #sib-container input::placeholder {    text-align: left;    font-family: Helvetica, sans-serif;    color: #99a0a7;  }  #sib-container textarea::placeholder {    text-align: left;    font-family: Helvetica, sans-serif;    color: #99a0a7;  }  #sib-container a {    text-decoration: underline;    color: #2BB2FC;  }<\/style><link rel=\"stylesheet\" href=\"https:\/\/sibforms.com\/forms\/end-form\/build\/sib-styles.css\"><!--  END - We recommend to place the above code in head tag of your website html --><!-- START - We recommend to place the below code where you want the form in your website html  --><div class=\"sib-form\" style=\"text-align: left;         background-color: transparent;                                 \">  <div id=\"sib-form-container\" class=\"sib-form-container\">    <div id=\"error-message\" class=\"sib-form-message-panel\" style=\"font-size:16px; text-align:left; font-family:Helvetica, sans-serif; color:#661d1d; background-color:#ffeded; border-radius:3px; border-color:#ff4949;max-width:540px;\">      <div class=\"sib-form-message-panel__text sib-form-message-panel__text--center\">        <svg viewbox=\"0 0 512 512\" class=\"sib-icon sib-notification__icon\">          <path d=\"M256 40c118.621 0 216 96.075 216 216 0 119.291-96.61 216-216 216-119.244 0-216-96.562-216-216 0-119.203 96.602-216 216-216m0-32C119.043 8 8 119.083 8 256c0 136.997 111.043 248 248 248s248-111.003 248-248C504 119.083 392.957 8 256 8zm-11.49 120h22.979c6.823 0 12.274 5.682 11.99 12.5l-7 168c-.268 6.428-5.556 11.5-11.99 11.5h-8.979c-6.433 0-11.722-5.073-11.99-11.5l-7-168c-.283-6.818 5.167-12.5 11.99-12.5zM256 340c-15.464 0-28 12.536-28 28s12.536 28 28 28 28-12.536 28-28-12.536-28-28-28z\" \/>        <\/svg>        <span class=\"sib-form-message-panel__inner-text\">                          Votre inscription n&#039;a pas pu \u00eatre enregistr\u00e9e. Veuillez r\u00e9essayer.                      <\/span>      <\/div>    <\/div>    <div><\/div>    <div id=\"success-message\" class=\"sib-form-message-panel\" style=\"font-size:16px; text-align:left; font-family:Helvetica, sans-serif; color:#085229; background-color:#e7faf0; border-radius:3px; border-color:#13ce66;max-width:540px;\">      <div class=\"sib-form-message-panel__text sib-form-message-panel__text--center\">        <svg viewbox=\"0 0 512 512\" class=\"sib-icon sib-notification__icon\">          <path d=\"M256 8C119.033 8 8 119.033 8 256s111.033 248 248 248 248-111.033 248-248S392.967 8 256 8zm0 464c-118.664 0-216-96.055-216-216 0-118.663 96.055-216 216-216 118.664 0 216 96.055 216 216 0 118.663-96.055 216-216 216zm141.63-274.961L217.15 376.071c-4.705 4.667-12.303 4.637-16.97-.068l-85.878-86.572c-4.667-4.705-4.637-12.303.068-16.97l8.52-8.451c4.705-4.667 12.303-4.637 16.97.068l68.976 69.533 163.441-162.13c4.705-4.667 12.303-4.637 16.97.068l8.451 8.52c4.668 4.705 4.637 12.303-.068 16.97z\" \/>        <\/svg>        <span class=\"sib-form-message-panel__inner-text\">                          Merci pour votre inscription !                      <\/span>      <\/div>    <\/div>    <div><\/div>    <div id=\"sib-container\" class=\"sib-container--large sib-container--vertical\" style=\"text-align:left; background-color:transparent; max-width:540px; border-width:0px; border-color:#a4a6aa; border-style:solid; direction:ltr\">      <form id=\"sib-form\" method=\"POST\" action=\"https:\/\/134053d8.sibforms.com\/serve\/MUIFAIGJCNqJ2-hv4JRhv_a66HmqGF11tUFmQ9TgiuKSmhuw048kB0jR_Q6HVEXax4nMKa4mEd0e9cOCwMOCc71Aehb_ZkHItzs4jNUt03skwGAruhpTHo1XujsWaUpVjgHvLD47cE1rf4ordtaOGxI3nB9qafbU5DP02gjPJ4LyaycU0UbQuIOItrXdqmq86XEdC3LOh_Dm8vmf\" data-type=\"subscription\">        <div style=\"padding: 8px 0;\">          <div class=\"sib-input sib-form-block\">            <div class=\"form__entry entry_block\">              <div class=\"form__label-row\">                <div class=\"entry__field\">                  <input class=\"input\" type=\"text\" id=\"EMAIL\" name=\"EMAIL\" autocomplete=\"off\" placeholder=\"Adresse email\" data-required=\"true\" required \/>                <\/div>              <\/div>              <label class=\"entry__error entry__error--primary\" style=\"font-size:16px; text-align:left; font-family:Helvetica, sans-serif; color:#661d1d; background-color:#ffeded; border-radius:3px; border-color:#ff4949;\">              <\/label>            <\/div>          <\/div>        <\/div>        <div style=\"padding: 8px 0;\">          <div class=\"sib-form-block\" style=\"text-align: left\">            <button class=\"sib-form-block__button sib-form-block__button-with-loader\" style=\"font-size:16px; text-align:left; font-weight:700; font-family:Helvetica, sans-serif; color:#000000; background-color:#79dbff; border-radius:3px; border-width:0px;\" form=\"sib-form\" type=\"submit\">              <svg class=\"icon clickable__icon progress-indicator__icon sib-hide-loader-icon\" viewbox=\"0 0 512 512\" style=\"\">                <path d=\"M460.116 373.846l-20.823-12.022c-5.541-3.199-7.54-10.159-4.663-15.874 30.137-59.886 28.343-131.652-5.386-189.946-33.641-58.394-94.896-95.833-161.827-99.676C261.028 55.961 256 50.751 256 44.352V20.309c0-6.904 5.808-12.337 12.703-11.982 83.556 4.306 160.163 50.864 202.11 123.677 42.063 72.696 44.079 162.316 6.031 236.832-3.14 6.148-10.75 8.461-16.728 5.01z\" \/>              <\/svg>              Obtenez la checklist gratuite            <\/button>          <\/div>        <\/div>        <input type=\"text\" name=\"email_address_check\" value=\"\" class=\"input--hidden\">        <input type=\"hidden\" name=\"locale\" value=\"en\">      <\/form>    <\/div>  <\/div><\/div><!-- END - We recommend to place the above code where you want the form in your website html  --><!-- START - We recommend to place the below code in footer or bottom of your website html  --><script>  window.REQUIRED_CODE_ERROR_MESSAGE = 'Please choose a country code';  window.LOCALE = 'en';  window.EMAIL_INVALID_MESSAGE = window.SMS_INVALID_MESSAGE = \"Les informations fournies sont invalides. Veuillez v\u00e9rifier le format et r\u00e9essayer.\";  window.REQUIRED_ERROR_MESSAGE = \"Ce champ est obligatoire. \";  window.GENERIC_INVALID_MESSAGE = \"Les informations fournies sont invalides. Veuillez v\u00e9rifier le format et r\u00e9essayer.\";  window.translation = {    common: {      selectedList: '{quantity} list selected',      selectedLists: '{quantity} lists selected',      selectedOption: '{quantity} selected',      selectedOptions: '{quantity} selected',    }  };  var AUTOHIDE = Boolean(0);<\/script><script defer src=\"https:\/\/sibforms.com\/forms\/end-form\/build\/main.js\"><\/script><!-- END - We recommend to place the above code in footer or bottom of your website html  --><!-- End Brevo Form -->\n\n\n<p><\/p>\n<\/div>","protected":false},"excerpt":{"rendered":"<p class=\"translation-block\">Recevez notre <strong>Checklist Gratuite des Outils et \u00c9quipements<\/strong>, un guide complet de tous les outils dont vous aurez besoin pour votre prochain grand projet \u00e0 la ferme. Nous vous enverrons \u00e9galement nos meilleurs conseils, tir\u00e9s de notre exp\u00e9rience lors de la construction du Chalet \u00e0 Ch\u00e8vres.<\/p>","protected":false},"author":1,"featured_media":0,"parent":0,"menu_order":0,"comment_status":"closed","ping_status":"closed","template":"","meta":{"footnotes":""},"class_list":["post-1277","page","type-page","status-publish","hentry"],"yoast_head":"<!-- This site is optimized with the Yoast SEO plugin v26.0 - https:\/\/yoast.com\/wordpress\/plugins\/seo\/ -->\n<title>Free Tools &amp; Equipment Checklist - SOLID HOMESTEAD PLANS<\/title>\n<meta name=\"description\" content=\"Build beautiful, durable homestead projects with confidence. Solid Homestead Plans offers engineer-designed, homestead-proven DIY woodworking plans for sheds, coops, and more.\" \/>\n<meta name=\"robots\" content=\"index, follow, max-snippet:-1, max-image-preview:large, max-video-preview:-1\" \/>\n<link rel=\"canonical\" href=\"https:\/\/www.solidhomesteadplans.com\/fr\/free-tools-equipment-checklist\/\" \/>\n<meta property=\"og:locale\" content=\"fr_FR\" \/>\n<meta property=\"og:type\" content=\"article\" \/>\n<meta property=\"og:title\" content=\"Free Tools &amp; Equipment Checklist - SOLID HOMESTEAD PLANS\" \/>\n<meta property=\"og:description\" content=\"Build beautiful, durable homestead projects with confidence. Solid Homestead Plans offers engineer-designed, homestead-proven DIY woodworking plans for sheds, coops, and more.\" \/>\n<meta property=\"og:url\" content=\"https:\/\/www.solidhomesteadplans.com\/fr\/free-tools-equipment-checklist\/\" \/>\n<meta property=\"og:site_name\" content=\"SOLID HOMESTEAD PLANS\" \/>\n<meta property=\"og:image\" content=\"https:\/\/www.solidhomesteadplans.com\/wp-content\/uploads\/2025\/09\/1000028841-1.jpg\" \/>\n\t<meta property=\"og:image:width\" content=\"200\" \/>\n\t<meta property=\"og:image:height\" content=\"286\" \/>\n\t<meta property=\"og:image:type\" content=\"image\/jpeg\" \/>\n<meta name=\"twitter:card\" content=\"summary_large_image\" \/>\n<script type=\"application\/ld+json\" class=\"yoast-schema-graph\">{\"@context\":\"https:\/\/schema.org\",\"@graph\":[{\"@type\":\"WebPage\",\"@id\":\"https:\/\/www.solidhomesteadplans.com\/free-tools-equipment-checklist\/\",\"url\":\"https:\/\/www.solidhomesteadplans.com\/free-tools-equipment-checklist\/\",\"name\":\"Free Tools & Equipment Checklist - SOLID HOMESTEAD PLANS\",\"isPartOf\":{\"@id\":\"https:\/\/www.solidhomesteadplans.com\/#website\"},\"primaryImageOfPage\":{\"@id\":\"https:\/\/www.solidhomesteadplans.com\/free-tools-equipment-checklist\/#primaryimage\"},\"image\":{\"@id\":\"https:\/\/www.solidhomesteadplans.com\/free-tools-equipment-checklist\/#primaryimage\"},\"thumbnailUrl\":\"https:\/\/www.solidhomesteadplans.com\/wp-content\/uploads\/2025\/09\/1000028841-1.jpg\",\"datePublished\":\"2025-09-28T19:24:51+00:00\",\"description\":\"Build beautiful, durable homestead projects with confidence. Solid Homestead Plans offers engineer-designed, homestead-proven DIY woodworking plans for sheds, coops, and more.\",\"breadcrumb\":{\"@id\":\"https:\/\/www.solidhomesteadplans.com\/free-tools-equipment-checklist\/#breadcrumb\"},\"inLanguage\":\"fr-FR\",\"potentialAction\":[{\"@type\":\"ReadAction\",\"target\":[\"https:\/\/www.solidhomesteadplans.com\/free-tools-equipment-checklist\/\"]}]},{\"@type\":\"ImageObject\",\"inLanguage\":\"fr-FR\",\"@id\":\"https:\/\/www.solidhomesteadplans.com\/free-tools-equipment-checklist\/#primaryimage\",\"url\":\"https:\/\/www.solidhomesteadplans.com\/wp-content\/uploads\/2025\/09\/1000028841-1.jpg\",\"contentUrl\":\"https:\/\/www.solidhomesteadplans.com\/wp-content\/uploads\/2025\/09\/1000028841-1.jpg\"},{\"@type\":\"BreadcrumbList\",\"@id\":\"https:\/\/www.solidhomesteadplans.com\/free-tools-equipment-checklist\/#breadcrumb\",\"itemListElement\":[{\"@type\":\"ListItem\",\"position\":1,\"name\":\"Home\",\"item\":\"https:\/\/www.solidhomesteadplans.com\/\"},{\"@type\":\"ListItem\",\"position\":2,\"name\":\"Free Tools &#038; Equipment Checklist\"}]},{\"@type\":\"WebSite\",\"@id\":\"https:\/\/www.solidhomesteadplans.com\/#website\",\"url\":\"https:\/\/www.solidhomesteadplans.com\/\",\"name\":\"SOLID HOMESTEAD PLANS\",\"description\":\"SOLID HOMESTEAD PLANS\",\"publisher\":{\"@id\":\"https:\/\/www.solidhomesteadplans.com\/#organization\"},\"potentialAction\":[{\"@type\":\"SearchAction\",\"target\":{\"@type\":\"EntryPoint\",\"urlTemplate\":\"https:\/\/www.solidhomesteadplans.com\/?s={search_term_string}\"},\"query-input\":{\"@type\":\"PropertyValueSpecification\",\"valueRequired\":true,\"valueName\":\"search_term_string\"}}],\"inLanguage\":\"fr-FR\"},{\"@type\":\"Organization\",\"@id\":\"https:\/\/www.solidhomesteadplans.com\/#organization\",\"name\":\"SOLID HOMESTEAD PLANS\",\"url\":\"https:\/\/www.solidhomesteadplans.com\/\",\"logo\":{\"@type\":\"ImageObject\",\"inLanguage\":\"fr-FR\",\"@id\":\"https:\/\/www.solidhomesteadplans.com\/#\/schema\/logo\/image\/\",\"url\":\"https:\/\/www.solidhomesteadplans.com\/wp-content\/uploads\/2025\/07\/Logo-with-Text-F9F9F9-4.png\",\"contentUrl\":\"https:\/\/www.solidhomesteadplans.com\/wp-content\/uploads\/2025\/07\/Logo-with-Text-F9F9F9-4.png\",\"width\":1267,\"height\":1229,\"caption\":\"SOLID HOMESTEAD PLANS\"},\"image\":{\"@id\":\"https:\/\/www.solidhomesteadplans.com\/#\/schema\/logo\/image\/\"},\"sameAs\":[\"https:\/\/www.pinterest.com\/0ie5fdy06yr5wjac5p6w58brz4ip27\/\",\"https:\/\/www.instagram.com\/solidhomesteadplans\/\",\"https:\/\/www.etsy.com\/shop\/SolidHomesteadPlans\"]}]}<\/script>\n<!-- \/ Yoast SEO plugin. -->","yoast_head_json":{"title":"Free Tools & Equipment Checklist - SOLID HOMESTEAD PLANS","description":"Build beautiful, durable homestead projects with confidence. Solid Homestead Plans offers engineer-designed, homestead-proven DIY woodworking plans for sheds, coops, and more.","robots":{"index":"index","follow":"follow","max-snippet":"max-snippet:-1","max-image-preview":"max-image-preview:large","max-video-preview":"max-video-preview:-1"},"canonical":"https:\/\/www.solidhomesteadplans.com\/fr\/free-tools-equipment-checklist\/","og_locale":"fr_FR","og_type":"article","og_title":"Free Tools & Equipment Checklist - SOLID HOMESTEAD PLANS","og_description":"Build beautiful, durable homestead projects with confidence. Solid Homestead Plans offers engineer-designed, homestead-proven DIY woodworking plans for sheds, coops, and more.","og_url":"https:\/\/www.solidhomesteadplans.com\/fr\/free-tools-equipment-checklist\/","og_site_name":"SOLID HOMESTEAD PLANS","og_image":[{"width":200,"height":286,"url":"https:\/\/www.solidhomesteadplans.com\/wp-content\/uploads\/2025\/09\/1000028841-1.jpg","type":"image\/jpeg"}],"twitter_card":"summary_large_image","schema":{"@context":"https:\/\/schema.org","@graph":[{"@type":"WebPage","@id":"https:\/\/www.solidhomesteadplans.com\/free-tools-equipment-checklist\/","url":"https:\/\/www.solidhomesteadplans.com\/free-tools-equipment-checklist\/","name":"Free Tools & Equipment Checklist - SOLID HOMESTEAD PLANS","isPartOf":{"@id":"https:\/\/www.solidhomesteadplans.com\/#website"},"primaryImageOfPage":{"@id":"https:\/\/www.solidhomesteadplans.com\/free-tools-equipment-checklist\/#primaryimage"},"image":{"@id":"https:\/\/www.solidhomesteadplans.com\/free-tools-equipment-checklist\/#primaryimage"},"thumbnailUrl":"https:\/\/www.solidhomesteadplans.com\/wp-content\/uploads\/2025\/09\/1000028841-1.jpg","datePublished":"2025-09-28T19:24:51+00:00","description":"Build beautiful, durable homestead projects with confidence. Solid Homestead Plans offers engineer-designed, homestead-proven DIY woodworking plans for sheds, coops, and more.","breadcrumb":{"@id":"https:\/\/www.solidhomesteadplans.com\/free-tools-equipment-checklist\/#breadcrumb"},"inLanguage":"fr-FR","potentialAction":[{"@type":"ReadAction","target":["https:\/\/www.solidhomesteadplans.com\/free-tools-equipment-checklist\/"]}]},{"@type":"ImageObject","inLanguage":"fr-FR","@id":"https:\/\/www.solidhomesteadplans.com\/free-tools-equipment-checklist\/#primaryimage","url":"https:\/\/www.solidhomesteadplans.com\/wp-content\/uploads\/2025\/09\/1000028841-1.jpg","contentUrl":"https:\/\/www.solidhomesteadplans.com\/wp-content\/uploads\/2025\/09\/1000028841-1.jpg"},{"@type":"BreadcrumbList","@id":"https:\/\/www.solidhomesteadplans.com\/free-tools-equipment-checklist\/#breadcrumb","itemListElement":[{"@type":"ListItem","position":1,"name":"Home","item":"https:\/\/www.solidhomesteadplans.com\/"},{"@type":"ListItem","position":2,"name":"Free Tools &#038; Equipment Checklist"}]},{"@type":"WebSite","@id":"https:\/\/www.solidhomesteadplans.com\/#website","url":"https:\/\/www.solidhomesteadplans.com\/","name":"SOLID HOMESTEAD PLANS","description":"SOLID HOMESTEAD PLANS","publisher":{"@id":"https:\/\/www.solidhomesteadplans.com\/#organization"},"potentialAction":[{"@type":"SearchAction","target":{"@type":"EntryPoint","urlTemplate":"https:\/\/www.solidhomesteadplans.com\/?s={search_term_string}"},"query-input":{"@type":"PropertyValueSpecification","valueRequired":true,"valueName":"search_term_string"}}],"inLanguage":"fr-FR"},{"@type":"Organization","@id":"https:\/\/www.solidhomesteadplans.com\/#organization","name":"SOLID HOMESTEAD PLANS","url":"https:\/\/www.solidhomesteadplans.com\/","logo":{"@type":"ImageObject","inLanguage":"fr-FR","@id":"https:\/\/www.solidhomesteadplans.com\/#\/schema\/logo\/image\/","url":"https:\/\/www.solidhomesteadplans.com\/wp-content\/uploads\/2025\/07\/Logo-with-Text-F9F9F9-4.png","contentUrl":"https:\/\/www.solidhomesteadplans.com\/wp-content\/uploads\/2025\/07\/Logo-with-Text-F9F9F9-4.png","width":1267,"height":1229,"caption":"SOLID HOMESTEAD PLANS"},"image":{"@id":"https:\/\/www.solidhomesteadplans.com\/#\/schema\/logo\/image\/"},"sameAs":["https:\/\/www.pinterest.com\/0ie5fdy06yr5wjac5p6w58brz4ip27\/","https:\/\/www.instagram.com\/solidhomesteadplans\/","https:\/\/www.etsy.com\/shop\/SolidHomesteadPlans"]}]}},"_links":{"self":[{"href":"https:\/\/www.solidhomesteadplans.com\/fr\/wp-json\/wp\/v2\/pages\/1277","targetHints":{"allow":["GET"]}}],"collection":[{"href":"https:\/\/www.solidhomesteadplans.com\/fr\/wp-json\/wp\/v2\/pages"}],"about":[{"href":"https:\/\/www.solidhomesteadplans.com\/fr\/wp-json\/wp\/v2\/types\/page"}],"author":[{"embeddable":true,"href":"https:\/\/www.solidhomesteadplans.com\/fr\/wp-json\/wp\/v2\/users\/1"}],"replies":[{"embeddable":true,"href":"https:\/\/www.solidhomesteadplans.com\/fr\/wp-json\/wp\/v2\/comments?post=1277"}],"version-history":[{"count":6,"href":"https:\/\/www.solidhomesteadplans.com\/fr\/wp-json\/wp\/v2\/pages\/1277\/revisions"}],"predecessor-version":[{"id":1287,"href":"https:\/\/www.solidhomesteadplans.com\/fr\/wp-json\/wp\/v2\/pages\/1277\/revisions\/1287"}],"wp:attachment":[{"href":"https:\/\/www.solidhomesteadplans.com\/fr\/wp-json\/wp\/v2\/media?parent=1277"}],"curies":[{"name":"wp","href":"https:\/\/api.w.org\/{rel}","templated":true}]}}